{"id":1678,"date":"2021-09-04T09:18:43","date_gmt":"2021-09-04T07:18:43","guid":{"rendered":"https:\/\/topplotbeton.cz\/produkte\/sloupky\/"},"modified":"2024-10-31T15:54:27","modified_gmt":"2024-10-31T14:54:27","slug":"beitrage","status":"publish","type":"page","link":"https:\/\/topplotbeton.cz\/de\/produkte\/beitrage\/","title":{"rendered":"BEITR\u00c4GE"},"content":{"rendered":"\t\t<div data-elementor-type=\"wp-page\" data-elementor-id=\"1678\" class=\"elementor elementor-1678 elementor-163\" data-elementor-post-type=\"page\">\n\t\t\t\t\t\t<section class=\"elementor-section elementor-top-section elementor-element elementor-element-777bed5 elementor-section-boxed elementor-section-height-default elementor-section-height-default\" data-id=\"777bed5\" data-element_type=\"section\">\n\t\t\t\t\t\t<div class=\"elementor-container elementor-column-gap-default\">\n\t\t\t\t\t<div class=\"elementor-column elementor-col-100 elementor-top-column elementor-element elementor-element-cea5cc6\" data-id=\"cea5cc6\" data-element_type=\"column\">\n\t\t\t<div class=\"elementor-widget-wrap elementor-element-populated\">\n\t\t\t\t\t\t<section class=\"elementor-section elementor-inner-section elementor-element elementor-element-077ea97 elementor-section-boxed elementor-section-height-default elementor-section-height-default\" data-id=\"077ea97\" data-element_type=\"section\">\n\t\t\t\t\t\t<div class=\"elementor-container elementor-column-gap-default\">\n\t\t\t\t\t<div class=\"elementor-column elementor-col-100 elementor-inner-column elementor-element elementor-element-b3a2eef\" data-id=\"b3a2eef\" data-element_type=\"column\">\n\t\t\t<div class=\"elementor-widget-wrap elementor-element-populated\">\n\t\t\t\t\t\t<div class=\"elementor-element elementor-element-8d01ed9 elementor-nav-menu__align-center elementor-nav-menu--dropdown-tablet elementor-nav-menu__text-align-aside elementor-nav-menu--toggle elementor-nav-menu--burger elementor-widget elementor-widget-nav-menu\" data-id=\"8d01ed9\" data-element_type=\"widget\" data-settings=\"{&quot;layout&quot;:&quot;horizontal&quot;,&quot;submenu_icon&quot;:{&quot;value&quot;:&quot;&lt;i class=\\&quot;fas fa-caret-down\\&quot;&gt;&lt;\\\/i&gt;&quot;,&quot;library&quot;:&quot;fa-solid&quot;},&quot;toggle&quot;:&quot;burger&quot;}\" data-widget_type=\"nav-menu.default\">\n\t\t\t\t<div class=\"elementor-widget-container\">\n\t\t\t<link rel=\"stylesheet\" href=\"https:\/\/topplotbeton.cz\/wp-content\/plugins\/elementor-pro\/assets\/css\/widget-nav-menu.min.css?ver=1721991346\">\t\t\t<nav aria-label=\"Menu\" class=\"elementor-nav-menu--main elementor-nav-menu__container elementor-nav-menu--layout-horizontal e--pointer-background e--animation-fade\">\n\t\t\t\t<ul id=\"menu-1-8d01ed9\" class=\"elementor-nav-menu\"><li class=\"menu-item menu-item-type-post_type menu-item-object-page menu-item-1875\"><a href=\"https:\/\/topplotbeton.cz\/de\/produkte\/spalten-exlusiv\/\" class=\"elementor-item\">SPALTEN \u2013 EXLUSIV<\/a><\/li>\n<li class=\"menu-item menu-item-type-post_type menu-item-object-page menu-item-1876\"><a href=\"https:\/\/topplotbeton.cz\/de\/produkte\/zaeune-exlusiv\/\" class=\"elementor-item\">Z\u00c4UNE &#8211; EXLUSIV<\/a><\/li>\n<li class=\"menu-item menu-item-type-post_type menu-item-object-page menu-item-1881\"><a href=\"https:\/\/topplotbeton.cz\/de\/produkte\/beitrage\/\" class=\"elementor-item\">BEITR\u00c4GE<\/a><\/li>\n<\/ul>\t\t\t<\/nav>\n\t\t\t\t\t<div class=\"elementor-menu-toggle\" role=\"button\" tabindex=\"0\" aria-label=\"Men\u00fc Umschalter\" aria-expanded=\"false\">\n\t\t\t<i aria-hidden=\"true\" role=\"presentation\" class=\"elementor-menu-toggle__icon--open eicon-menu-bar\"><\/i><i aria-hidden=\"true\" role=\"presentation\" class=\"elementor-menu-toggle__icon--close eicon-close\"><\/i>\t\t\t<span class=\"elementor-screen-only\">Men\u00fc<\/span>\n\t\t<\/div>\n\t\t\t\t\t<nav class=\"elementor-nav-menu--dropdown elementor-nav-menu__container\" aria-hidden=\"true\">\n\t\t\t\t<ul id=\"menu-2-8d01ed9\" class=\"elementor-nav-menu\"><li class=\"menu-item menu-item-type-post_type menu-item-object-page menu-item-1875\"><a href=\"https:\/\/topplotbeton.cz\/de\/produkte\/spalten-exlusiv\/\" class=\"elementor-item\" tabindex=\"-1\">SPALTEN \u2013 EXLUSIV<\/a><\/li>\n<li class=\"menu-item menu-item-type-post_type menu-item-object-page menu-item-1876\"><a href=\"https:\/\/topplotbeton.cz\/de\/produkte\/zaeune-exlusiv\/\" class=\"elementor-item\" tabindex=\"-1\">Z\u00c4UNE &#8211; EXLUSIV<\/a><\/li>\n<li class=\"menu-item menu-item-type-post_type menu-item-object-page menu-item-1881\"><a href=\"https:\/\/topplotbeton.cz\/de\/produkte\/beitrage\/\" class=\"elementor-item\" tabindex=\"-1\">BEITR\u00c4GE<\/a><\/li>\n<\/ul>\t\t\t<\/nav>\n\t\t\t\t<\/div>\n\t\t\t\t<\/div>\n\t\t\t\t\t<\/div>\n\t\t<\/div>\n\t\t\t\t\t<\/div>\n\t\t<\/section>\n\t\t\t\t\t<\/div>\n\t\t<\/div>\n\t\t\t\t\t<\/div>\n\t\t<\/section>\n\t\t\t\t<section class=\"elementor-section elementor-top-section elementor-element elementor-element-0b3a55d elementor-section-boxed elementor-section-height-default elementor-section-height-default\" data-id=\"0b3a55d\" data-element_type=\"section\">\n\t\t\t\t\t\t<div class=\"elementor-container elementor-column-gap-default\">\n\t\t\t\t\t<div class=\"elementor-column elementor-col-100 elementor-top-column elementor-element elementor-element-eb2ab65\" data-id=\"eb2ab65\" data-element_type=\"column\">\n\t\t\t<div class=\"elementor-widget-wrap elementor-element-populated\">\n\t\t\t\t\t\t<section class=\"elementor-section elementor-inner-section elementor-element elementor-element-9bde0af elementor-section-boxed elementor-section-height-default elementor-section-height-default\" data-id=\"9bde0af\" data-element_type=\"section\">\n\t\t\t\t\t\t<div class=\"elementor-container elementor-column-gap-default\">\n\t\t\t\t\t<div class=\"elementor-column elementor-col-100 elementor-inner-column elementor-element elementor-element-14c906c\" data-id=\"14c906c\" data-element_type=\"column\">\n\t\t\t<div class=\"elementor-widget-wrap elementor-element-populated\">\n\t\t\t\t\t\t<div class=\"elementor-element elementor-element-ac305c4 popis elementor-widget elementor-widget-text-editor\" data-id=\"ac305c4\" data-element_type=\"widget\" data-widget_type=\"text-editor.default\">\n\t\t\t\t<div class=\"elementor-widget-container\">\n\t\t\t<style>\/*! elementor - v3.23.0 - 25-07-2024 *\/\n.elementor-widget-text-editor.elementor-drop-cap-view-stacked .elementor-drop-cap{background-color:#69727d;color:#fff}.elementor-widget-text-editor.elementor-drop-cap-view-framed .elementor-drop-cap{color:#69727d;border:3px solid;background-color:transparent}.elementor-widget-text-editor:not(.elementor-drop-cap-view-default) .elementor-drop-cap{margin-top:8px}.elementor-widget-text-editor:not(.elementor-drop-cap-view-default) .elementor-drop-cap-letter{width:1em;height:1em}.elementor-widget-text-editor .elementor-drop-cap{float:left;text-align:center;line-height:1;font-size:50px}.elementor-widget-text-editor .elementor-drop-cap-letter{display:inline-block}<\/style>\t\t\t\t<p>Dank unserer <strong><span class=\"s1\" style=\"color: #ff6100;\">jahrelangen Erfahrung<\/span><\/strong> k\u00f6nnen wir dem Kunden einen Betonzaun anbieten, der nicht nur <span class=\"s1\" style=\"color: #ff6100;\"><strong>solide<\/strong><\/span>, sondern auch<strong><span class=\"s1\" style=\"color: #ff6100;\"> dauerhaft <\/span><\/strong>gegen alle Witterungseinfl\u00fcsse best\u00e4ndig ist. In Verbindung mit dem <strong><span class=\"s1\" style=\"color: #ff6100;\">elastischen Design <\/span><\/strong>ist unser Betonzaun ein perfektes Produkt.<\/p><p>\u00a0<\/p><p>Z\u00f6gern Sie bei der Auswahl? <strong><span class=\"s1\" style=\"color: #ff6100;\"><a href=\"\/de\/kontakt\/\">Kontaktieren Sie uns<\/a>.<\/span> <\/strong>Wir beraten Sie gerne unverbindlich und helfen Ihnen bei der Auswahl eines auf Ihre Bed\u00fcrfnisse zugeschnittenen Zauns.<\/p>\t\t\t\t\t\t<\/div>\n\t\t\t\t<\/div>\n\t\t\t\t\t<\/div>\n\t\t<\/div>\n\t\t\t\t\t<\/div>\n\t\t<\/section>\n\t\t\t\t\t<\/div>\n\t\t<\/div>\n\t\t\t\t\t<\/div>\n\t\t<\/section>\n\t\t\t\t<section class=\"elementor-section elementor-top-section elementor-element elementor-element-1c6de4e elementor-section-boxed elementor-section-height-default elementor-section-height-default\" data-id=\"1c6de4e\" data-element_type=\"section\">\n\t\t\t\t\t\t<div class=\"elementor-container elementor-column-gap-default\">\n\t\t\t\t\t<div class=\"elementor-column elementor-col-100 elementor-top-column elementor-element elementor-element-5db26d0\" data-id=\"5db26d0\" data-element_type=\"column\">\n\t\t\t<div class=\"elementor-widget-wrap elementor-element-populated\">\n\t\t\t\t\t\t<section class=\"elementor-section elementor-inner-section elementor-element elementor-element-10b3052 elementor-section-boxed elementor-section-height-default elementor-section-height-default elementor-invisible\" data-id=\"10b3052\" data-element_type=\"section\" data-settings=\"{&quot;animation&quot;:&quot;slideInUp&quot;}\">\n\t\t\t\t\t\t<div class=\"elementor-container elementor-column-gap-default\">\n\t\t\t\t\t<div class=\"elementor-column elementor-col-100 elementor-inner-column elementor-element elementor-element-7c9ca30\" data-id=\"7c9ca30\" data-element_type=\"column\">\n\t\t\t<div class=\"elementor-widget-wrap elementor-element-populated\">\n\t\t\t\t\t\t\t<\/div>\n\t\t<\/div>\n\t\t\t\t\t<\/div>\n\t\t<\/section>\n\t\t\t\t\t<\/div>\n\t\t<\/div>\n\t\t\t\t\t<\/div>\n\t\t<\/section>\n\t\t\t\t<\/div>\n\t\t","protected":false},"excerpt":{"rendered":"<p>Dank unserer jahrelangen Erfahrung k\u00f6nnen wir dem Kunden einen Betonzaun anbieten, der nicht nur solide, sondern auch dauerhaft gegen alle Witterungseinfl\u00fcsse best\u00e4ndig ist. In Verbindung mit dem elastischen Design ist unser Betonzaun ein perfektes Produkt. \u00a0 Z\u00f6gern Sie bei der Auswahl? Kontaktieren Sie uns. Wir beraten Sie gerne unverbindlich und helfen Ihnen bei der Auswahl [&hellip;]<\/p>\n","protected":false},"author":3,"featured_media":1577,"parent":1657,"menu_order":0,"comment_status":"closed","ping_status":"closed","template":"elementor_theme","meta":{"footnotes":""},"class_list":["post-1678","page","type-page","status-publish","has-post-thumbnail","hentry"],"yoast_head":"<!-- This site is optimized with the Yoast SEO plugin v23.9 - https:\/\/yoast.com\/wordpress\/plugins\/seo\/ -->\n<title>BEITR\u00c4GE - TOPPLOT s.r.o.<\/title>\n<meta name=\"robots\" content=\"index, follow, max-snippet:-1, max-image-preview:large, max-video-preview:-1\" \/>\n<link rel=\"canonical\" href=\"https:\/\/topplotbeton.cz\/de\/produkte\/beitrage\/\" \/>\n<meta property=\"og:locale\" content=\"de_DE\" \/>\n<meta property=\"og:type\" content=\"article\" \/>\n<meta property=\"og:title\" content=\"TOPPLOTBETON - Spalten\" \/>\n<meta property=\"og:description\" content=\"Fragen Sie nach einem hochwertigen Betonzaun von einem tschechischen Hersteller. Wir liefern Ihnen einen Betonzaun von h\u00f6chster Qualit\u00e4t, von der Produktion bis zur Installation. W\u00e4hlen Sie mit uns!\" \/>\n<meta property=\"og:url\" content=\"https:\/\/topplotbeton.cz\/de\/produkte\/beitrage\/\" \/>\n<meta property=\"og:site_name\" content=\"TOPPLOT s.r.o.\" \/>\n<meta property=\"article:publisher\" content=\"https:\/\/www.facebook.com\/Topplotbeton-101779968951690\" \/>\n<meta property=\"article:modified_time\" content=\"2024-10-31T14:54:27+00:00\" \/>\n<meta property=\"og:image\" content=\"https:\/\/topplotbeton.cz\/wp-content\/uploads\/2024\/04\/FB.jpg\" \/>\n<meta name=\"twitter:card\" content=\"summary_large_image\" \/>\n<meta name=\"twitter:label1\" content=\"Gesch\u00e4tzte Lesezeit\" \/>\n\t<meta name=\"twitter:data1\" content=\"1\u00a0Minute\" \/>\n<script type=\"application\/ld+json\" class=\"yoast-schema-graph\">{\"@context\":\"https:\/\/schema.org\",\"@graph\":[{\"@type\":\"WebPage\",\"@id\":\"https:\/\/topplotbeton.cz\/de\/produkte\/beitrage\/\",\"url\":\"https:\/\/topplotbeton.cz\/de\/produkte\/beitrage\/\",\"name\":\"BEITR\u00c4GE - TOPPLOT s.r.o.\",\"isPartOf\":{\"@id\":\"https:\/\/topplotbeton.cz\/de\/#website\"},\"primaryImageOfPage\":{\"@id\":\"https:\/\/topplotbeton.cz\/de\/produkte\/beitrage\/#primaryimage\"},\"image\":{\"@id\":\"https:\/\/topplotbeton.cz\/de\/produkte\/beitrage\/#primaryimage\"},\"thumbnailUrl\":\"https:\/\/topplotbeton.cz\/wp-content\/uploads\/2021\/09\/SLOUPKY_PRUBEZNY.jpg\",\"datePublished\":\"2021-09-04T07:18:43+00:00\",\"dateModified\":\"2024-10-31T14:54:27+00:00\",\"breadcrumb\":{\"@id\":\"https:\/\/topplotbeton.cz\/de\/produkte\/beitrage\/#breadcrumb\"},\"inLanguage\":\"de\",\"potentialAction\":[{\"@type\":\"ReadAction\",\"target\":[\"https:\/\/topplotbeton.cz\/de\/produkte\/beitrage\/\"]}]},{\"@type\":\"ImageObject\",\"inLanguage\":\"de\",\"@id\":\"https:\/\/topplotbeton.cz\/de\/produkte\/beitrage\/#primaryimage\",\"url\":\"https:\/\/topplotbeton.cz\/wp-content\/uploads\/2021\/09\/SLOUPKY_PRUBEZNY.jpg\",\"contentUrl\":\"https:\/\/topplotbeton.cz\/wp-content\/uploads\/2021\/09\/SLOUPKY_PRUBEZNY.jpg\",\"width\":1000,\"height\":1000,\"caption\":\"Pr\u016fb\u011b\u017en\u00fd betonov\u00fd sloupek na\u0161\u00ed v\u00fdroby.\"},{\"@type\":\"BreadcrumbList\",\"@id\":\"https:\/\/topplotbeton.cz\/de\/produkte\/beitrage\/#breadcrumb\",\"itemListElement\":[{\"@type\":\"ListItem\",\"position\":1,\"name\":\"Dom\u016f\",\"item\":\"https:\/\/topplotbeton.cz\/de\/\"},{\"@type\":\"ListItem\",\"position\":2,\"name\":\"PRODUKTE\",\"item\":\"https:\/\/topplotbeton.cz\/de\/?page_id=1657\"},{\"@type\":\"ListItem\",\"position\":3,\"name\":\"BEITR\u00c4GE\"}]},{\"@type\":\"WebSite\",\"@id\":\"https:\/\/topplotbeton.cz\/de\/#website\",\"url\":\"https:\/\/topplotbeton.cz\/de\/\",\"name\":\"TOPPLOT s.r.o.\",\"description\":\"Vy\u0301roba betonovy\u0301ch plot\u016f\",\"publisher\":{\"@id\":\"https:\/\/topplotbeton.cz\/de\/#organization\"},\"potentialAction\":[{\"@type\":\"SearchAction\",\"target\":{\"@type\":\"EntryPoint\",\"urlTemplate\":\"https:\/\/topplotbeton.cz\/de\/?s={search_term_string}\"},\"query-input\":{\"@type\":\"PropertyValueSpecification\",\"valueRequired\":true,\"valueName\":\"search_term_string\"}}],\"inLanguage\":\"de\"},{\"@type\":\"Organization\",\"@id\":\"https:\/\/topplotbeton.cz\/de\/#organization\",\"name\":\"TOPPLOT s.r.o.\",\"url\":\"https:\/\/topplotbeton.cz\/de\/\",\"logo\":{\"@type\":\"ImageObject\",\"inLanguage\":\"de\",\"@id\":\"https:\/\/topplotbeton.cz\/de\/#\/schema\/logo\/image\/\",\"url\":\"https:\/\/topplotbeton.cz\/wp-content\/uploads\/2021\/09\/TPB_IKONY_Kreslici\u0301-pla\u0301tno-1-01.svg\",\"contentUrl\":\"https:\/\/topplotbeton.cz\/wp-content\/uploads\/2021\/09\/TPB_IKONY_Kreslici\u0301-pla\u0301tno-1-01.svg\",\"width\":200,\"height\":120,\"caption\":\"TOPPLOT s.r.o.\"},\"image\":{\"@id\":\"https:\/\/topplotbeton.cz\/de\/#\/schema\/logo\/image\/\"},\"sameAs\":[\"https:\/\/www.facebook.com\/Topplotbeton-101779968951690\",\"https:\/\/www.instagram.com\/topplotbeton.cz\"]}]}<\/script>\n<!-- \/ Yoast SEO plugin. -->","yoast_head_json":{"title":"BEITR\u00c4GE - TOPPLOT s.r.o.","robots":{"index":"index","follow":"follow","max-snippet":"max-snippet:-1","max-image-preview":"max-image-preview:large","max-video-preview":"max-video-preview:-1"},"canonical":"https:\/\/topplotbeton.cz\/de\/produkte\/beitrage\/","og_locale":"de_DE","og_type":"article","og_title":"TOPPLOTBETON - Spalten","og_description":"Fragen Sie nach einem hochwertigen Betonzaun von einem tschechischen Hersteller. Wir liefern Ihnen einen Betonzaun von h\u00f6chster Qualit\u00e4t, von der Produktion bis zur Installation. W\u00e4hlen Sie mit uns!","og_url":"https:\/\/topplotbeton.cz\/de\/produkte\/beitrage\/","og_site_name":"TOPPLOT s.r.o.","article_publisher":"https:\/\/www.facebook.com\/Topplotbeton-101779968951690","article_modified_time":"2024-10-31T14:54:27+00:00","og_image":[{"url":"https:\/\/topplotbeton.cz\/wp-content\/uploads\/2024\/04\/FB.jpg"}],"twitter_card":"summary_large_image","twitter_misc":{"Gesch\u00e4tzte Lesezeit":"1\u00a0Minute"},"schema":{"@context":"https:\/\/schema.org","@graph":[{"@type":"WebPage","@id":"https:\/\/topplotbeton.cz\/de\/produkte\/beitrage\/","url":"https:\/\/topplotbeton.cz\/de\/produkte\/beitrage\/","name":"BEITR\u00c4GE - TOPPLOT s.r.o.","isPartOf":{"@id":"https:\/\/topplotbeton.cz\/de\/#website"},"primaryImageOfPage":{"@id":"https:\/\/topplotbeton.cz\/de\/produkte\/beitrage\/#primaryimage"},"image":{"@id":"https:\/\/topplotbeton.cz\/de\/produkte\/beitrage\/#primaryimage"},"thumbnailUrl":"https:\/\/topplotbeton.cz\/wp-content\/uploads\/2021\/09\/SLOUPKY_PRUBEZNY.jpg","datePublished":"2021-09-04T07:18:43+00:00","dateModified":"2024-10-31T14:54:27+00:00","breadcrumb":{"@id":"https:\/\/topplotbeton.cz\/de\/produkte\/beitrage\/#breadcrumb"},"inLanguage":"de","potentialAction":[{"@type":"ReadAction","target":["https:\/\/topplotbeton.cz\/de\/produkte\/beitrage\/"]}]},{"@type":"ImageObject","inLanguage":"de","@id":"https:\/\/topplotbeton.cz\/de\/produkte\/beitrage\/#primaryimage","url":"https:\/\/topplotbeton.cz\/wp-content\/uploads\/2021\/09\/SLOUPKY_PRUBEZNY.jpg","contentUrl":"https:\/\/topplotbeton.cz\/wp-content\/uploads\/2021\/09\/SLOUPKY_PRUBEZNY.jpg","width":1000,"height":1000,"caption":"Pr\u016fb\u011b\u017en\u00fd betonov\u00fd sloupek na\u0161\u00ed v\u00fdroby."},{"@type":"BreadcrumbList","@id":"https:\/\/topplotbeton.cz\/de\/produkte\/beitrage\/#breadcrumb","itemListElement":[{"@type":"ListItem","position":1,"name":"Dom\u016f","item":"https:\/\/topplotbeton.cz\/de\/"},{"@type":"ListItem","position":2,"name":"PRODUKTE","item":"https:\/\/topplotbeton.cz\/de\/?page_id=1657"},{"@type":"ListItem","position":3,"name":"BEITR\u00c4GE"}]},{"@type":"WebSite","@id":"https:\/\/topplotbeton.cz\/de\/#website","url":"https:\/\/topplotbeton.cz\/de\/","name":"TOPPLOT s.r.o.","description":"Vy\u0301roba betonovy\u0301ch plot\u016f","publisher":{"@id":"https:\/\/topplotbeton.cz\/de\/#organization"},"potentialAction":[{"@type":"SearchAction","target":{"@type":"EntryPoint","urlTemplate":"https:\/\/topplotbeton.cz\/de\/?s={search_term_string}"},"query-input":{"@type":"PropertyValueSpecification","valueRequired":true,"valueName":"search_term_string"}}],"inLanguage":"de"},{"@type":"Organization","@id":"https:\/\/topplotbeton.cz\/de\/#organization","name":"TOPPLOT s.r.o.","url":"https:\/\/topplotbeton.cz\/de\/","logo":{"@type":"ImageObject","inLanguage":"de","@id":"https:\/\/topplotbeton.cz\/de\/#\/schema\/logo\/image\/","url":"https:\/\/topplotbeton.cz\/wp-content\/uploads\/2021\/09\/TPB_IKONY_Kreslici\u0301-pla\u0301tno-1-01.svg","contentUrl":"https:\/\/topplotbeton.cz\/wp-content\/uploads\/2021\/09\/TPB_IKONY_Kreslici\u0301-pla\u0301tno-1-01.svg","width":200,"height":120,"caption":"TOPPLOT s.r.o."},"image":{"@id":"https:\/\/topplotbeton.cz\/de\/#\/schema\/logo\/image\/"},"sameAs":["https:\/\/www.facebook.com\/Topplotbeton-101779968951690","https:\/\/www.instagram.com\/topplotbeton.cz"]}]}},"_links":{"self":[{"href":"https:\/\/topplotbeton.cz\/de\/wp-json\/wp\/v2\/pages\/1678"}],"collection":[{"href":"https:\/\/topplotbeton.cz\/de\/wp-json\/wp\/v2\/pages"}],"about":[{"href":"https:\/\/topplotbeton.cz\/de\/wp-json\/wp\/v2\/types\/page"}],"author":[{"embeddable":true,"href":"https:\/\/topplotbeton.cz\/de\/wp-json\/wp\/v2\/users\/3"}],"replies":[{"embeddable":true,"href":"https:\/\/topplotbeton.cz\/de\/wp-json\/wp\/v2\/comments?post=1678"}],"version-history":[{"count":19,"href":"https:\/\/topplotbeton.cz\/de\/wp-json\/wp\/v2\/pages\/1678\/revisions"}],"predecessor-version":[{"id":2189,"href":"https:\/\/topplotbeton.cz\/de\/wp-json\/wp\/v2\/pages\/1678\/revisions\/2189"}],"up":[{"embeddable":true,"href":"https:\/\/topplotbeton.cz\/de\/wp-json\/wp\/v2\/pages\/1657"}],"wp:featuredmedia":[{"embeddable":true,"href":"https:\/\/topplotbeton.cz\/de\/wp-json\/wp\/v2\/media\/1577"}],"wp:attachment":[{"href":"https:\/\/topplotbeton.cz\/de\/wp-json\/wp\/v2\/media?parent=1678"}],"curies":[{"name":"wp","href":"https:\/\/api.w.org\/{rel}","templated":true}]}}